{"id":9,"date":"2020-04-13T14:00:33","date_gmt":"2020-04-13T12:00:33","guid":{"rendered":"http:\/\/hausarzt-neuruppin.de\/wordpress\/?page_id=9"},"modified":"2021-10-06T16:07:07","modified_gmt":"2021-10-06T14:07:07","slug":"kontakt","status":"publish","type":"page","link":"https:\/\/hausarzt-neuruppin.de\/wordpress\/kontakt\/","title":{"rendered":"Kontakt"},"content":{"rendered":"<p>Die Praxis f\u00fcr Allgemeinmedizin finden Sie in der Karl-Marx-Str. 6 in der wundersch\u00f6nen Fontanestadt Neuruppin. Parkpl\u00e4tze finden Sie am Rheinsberger Tor oder am Rosenplatz.<\/p><p> Sie erreichen uns auch mit Bus und Bahn.<\/p><iframe src=\"https:\/\/www.google.com\/maps\/embed?pb=!1m18!1m12!1m3!1d2650.1798397901007!2d12.809841493180633!3d52.92883373675896!2m3!1f0!2f0!3f0!3m2!1i1024!2i768!4f13.1!3m3!1m2!1s0x0%3A0x76f14b05084c5b3b!2sDr.%20med.%20Julia%20J%C3%A4kel%20%7C%20Praxis%20f%C3%BCr%20Allgemeinmedizin!5e0!3m2!1sde!2sde!4v1633529202650!5m2!1sde!2sde\" width=\"600\" height=\"450\" style=\"border:0;\" allowfullscreen=\"\" loading=\"lazy\"><\/iframe>","protected":false},"excerpt":{"rendered":"<p>Die Praxis f\u00fcr Allgemeinmedizin finden Sie in der Karl-Marx-Str. 6 in der wundersch\u00f6nen Fontanestadt Neuruppin. Parkpl\u00e4tze finden Sie am Rheinsberger Tor oder am Rosenplatz. Sie erreichen uns auch mit Bus und Bahn.<\/p>\n","protected":false},"author":1,"featured_media":20,"parent":0,"menu_order":0,"comment_status":"closed","ping_status":"closed","template":"page-templates\/contact.php","meta":{"footnotes":""},"class_list":["post-9","page","type-page","status-publish","has-post-thumbnail","hentry"],"_links":{"self":[{"href":"https:\/\/hausarzt-neuruppin.de\/wordpress\/wp-json\/wp\/v2\/pages\/9","targetHints":{"allow":["GET"]}}],"collection":[{"href":"https:\/\/hausarzt-neuruppin.de\/wordpress\/wp-json\/wp\/v2\/pages"}],"about":[{"href":"https:\/\/hausarzt-neuruppin.de\/wordpress\/wp-json\/wp\/v2\/types\/page"}],"author":[{"embeddable":true,"href":"https:\/\/hausarzt-neuruppin.de\/wordpress\/wp-json\/wp\/v2\/users\/1"}],"replies":[{"embeddable":true,"href":"https:\/\/hausarzt-neuruppin.de\/wordpress\/wp-json\/wp\/v2\/comments?post=9"}],"version-history":[{"count":9,"href":"https:\/\/hausarzt-neuruppin.de\/wordpress\/wp-json\/wp\/v2\/pages\/9\/revisions"}],"predecessor-version":[{"id":735,"href":"https:\/\/hausarzt-neuruppin.de\/wordpress\/wp-json\/wp\/v2\/pages\/9\/revisions\/735"}],"wp:featuredmedia":[{"embeddable":true,"href":"https:\/\/hausarzt-neuruppin.de\/wordpress\/wp-json\/wp\/v2\/media\/20"}],"wp:attachment":[{"href":"https:\/\/hausarzt-neuruppin.de\/wordpress\/wp-json\/wp\/v2\/media?parent=9"}],"curies":[{"name":"wp","href":"https:\/\/api.w.org\/{rel}","templated":true}]}}